{"id":97,"date":"2024-09-15T16:09:52","date_gmt":"2024-09-15T14:09:52","guid":{"rendered":"https:\/\/marcetic.hr\/?page_id=97"},"modified":"2024-09-15T16:09:52","modified_gmt":"2024-09-15T14:09:52","slug":"pravno-savjetovanje-od-sudskih-postupaka-do-ugovora-i-naknada","status":"publish","type":"page","link":"https:\/\/marcetic.hr\/index.php\/pravno-savjetovanje-od-sudskih-postupaka-do-ugovora-i-naknada\/","title":{"rendered":"Pravno savjetovanje: od sudskih postupaka do ugovora i naknada"},"content":{"rendered":"\n<p>Suo\u010deni ste s pravnim pitanjem i treba Vam pomo\u0107? <br><br>Na\u0161a stranica pru\u017ea sveobuhvatne pravne savjete i informacije kako bismo vam pomogli da sagledate sve opcije i donesete najbolju odluku. <\/p>\n\n\n\n<p>Pronala\u017eenje pravog pravnog savjetnika ili odvjetnika i navigacija kroz slo\u017eeni pravni sustav Republike Hrvatske mo\u017ee biti izazovno i zbunjuju\u0107e. Na\u0161a misija je olak\u0161ati vam taj proces i pru\u017eiti vam najbolju mogu\u0107u podr\u0161ku i rje\u0161enja.<\/p>\n\n\n\n<p>Neki problemi mogu biti rije\u0161eni ve\u0107 nakon prvog sastanka, dok su za druge potrebne godine sudskih procesa i vje\u0161ta\u010denja. U situacijama kada pravna borba postane neizbje\u017ena, na\u0161 cilj je osigurati da ste potpuno svjesni svih opcija i da ste sigurni da ste odabrali najbolji mogu\u0107i put.<\/p>\n\n\n\n<p>Povjerenje i transparentnost su temelj na\u0161eg rada, i predani smo pru\u017eanju jasne i otvorene komunikacije kako bismo vam omogu\u0107ili da se osje\u0107ate sigurno i informirano kroz cijeli pravni postupak.<\/p>\n","protected":false},"excerpt":{"rendered":"<p>Suo\u010deni ste s pravnim pitanjem i treba Vam pomo\u0107? Na\u0161a stranica pru\u017ea sveobuhvatne pravne savjete i informacije kako bismo vam pomogli da sagledate sve opcije i donesete najbolju odluku. Pronala\u017eenje pravog pravnog savjetnika ili odvjetnika i navigacija kroz slo\u017eeni pravni &#8230; <\/p>\n<p class=\"read-more-container\"><a title=\"Pravno savjetovanje: od sudskih postupaka do ugovora i naknada\" class=\"read-more button\" href=\"https:\/\/marcetic.hr\/index.php\/pravno-savjetovanje-od-sudskih-postupaka-do-ugovora-i-naknada\/#more-97\" aria-label=\"Read more about Pravno savjetovanje: od sudskih postupaka do ugovora i naknada\">Read More<\/a><\/p>\n","protected":false},"author":1,"featured_media":0,"parent":0,"menu_order":0,"comment_status":"closed","ping_status":"closed","template":"","meta":{"om_disable_all_campaigns":false,"_monsterinsights_skip_tracking":false,"_monsterinsights_sitenote_active":false,"_monsterinsights_sitenote_note":"","_monsterinsights_sitenote_category":0,"_uf_show_specific_survey":0,"_uf_disable_surveys":false,"footnotes":""},"class_list":["post-97","page","type-page","status-publish"],"aioseo_notices":[],"_links":{"self":[{"href":"https:\/\/marcetic.hr\/index.php\/wp-json\/wp\/v2\/pages\/97","targetHints":{"allow":["GET"]}}],"collection":[{"href":"https:\/\/marcetic.hr\/index.php\/wp-json\/wp\/v2\/pages"}],"about":[{"href":"https:\/\/marcetic.hr\/index.php\/wp-json\/wp\/v2\/types\/page"}],"author":[{"embeddable":true,"href":"https:\/\/marcetic.hr\/index.php\/wp-json\/wp\/v2\/users\/1"}],"replies":[{"embeddable":true,"href":"https:\/\/marcetic.hr\/index.php\/wp-json\/wp\/v2\/comments?post=97"}],"version-history":[{"count":2,"href":"https:\/\/marcetic.hr\/index.php\/wp-json\/wp\/v2\/pages\/97\/revisions"}],"predecessor-version":[{"id":99,"href":"https:\/\/marcetic.hr\/index.php\/wp-json\/wp\/v2\/pages\/97\/revisions\/99"}],"wp:attachment":[{"href":"https:\/\/marcetic.hr\/index.php\/wp-json\/wp\/v2\/media?parent=97"}],"curies":[{"name":"wp","href":"https:\/\/api.w.org\/{rel}","templated":true}]}}