{"id":2332,"date":"2025-03-02T20:40:32","date_gmt":"2025-03-02T19:40:32","guid":{"rendered":"https:\/\/marcetic.hr\/?page_id=2332"},"modified":"2025-03-02T20:40:33","modified_gmt":"2025-03-02T19:40:33","slug":"hvala-na-vasem-upitu","status":"publish","type":"page","link":"https:\/\/marcetic.hr\/index.php\/hvala-na-vasem-upitu\/","title":{"rendered":"Hvala na va\u0161em upitu!"},"content":{"rendered":"\n<h1 class=\"wp-block-heading has-text-align-center has-contrast-background-color has-background\">HVALA NA va\u0161em UPITU!<\/h1>\n\n\n<div class=\"gb-container gb-container-6421bc89\">\n\n<h2 class=\"wp-block-heading\">Va\u0161a poruka je uspje\u0161no poslana.<\/h2>\n\n<\/div>\n\n\n<p><strong>Hvala \u0161to ste nas kontaktirali! Va\u0161 upit smo zaprimili i odgovorit \u0107emo Vam u najkra\u0107em mogu\u0107em roku, naj\u010de\u0161\u0107e unutar 24 sata.<\/strong><\/p>\n\n\n\n<p><strong>Ako imate dodatnih pitanja, slobodno nas kontaktirajte putem e-maila ili telefona.<\/strong><\/p>\n\n\n\n<p>email: marceticviktor@gmail.com        <\/p>\n\n\n\n<p>tel: +385 91 786 9982 <\/p>\n\n\n\n<p><strong>U me\u0111uvremenu, pretra\u017eite sve \u0161to Vas zanima na na\u0161oj web stranici ili prosurfajte po na\u0161im pravnim \u010dlancima!<\/strong><\/p>\n\n\n<form role=\"search\" method=\"get\" action=\"https:\/\/marcetic.hr\/\" class=\"wp-block-search__button-outside wp-block-search__text-button wp-block-search\"    ><label class=\"wp-block-search__label\" for=\"wp-block-search__input-1\" >Search<\/label><div class=\"wp-block-search__inside-wrapper\" ><input class=\"wp-block-search__input\" id=\"wp-block-search__input-1\" placeholder=\"\" value=\"\" type=\"search\" name=\"s\" required \/><button aria-label=\"Search\" class=\"wp-block-search__button wp-element-button\" type=\"submit\" >Search<\/button><\/div><\/form>\n\n\n<div class=\"wp-block-query alignfull is-layout-flow wp-block-query-is-layout-flow\">\n<div class=\"wp-block-group alignfull\" style=\"padding-top:0;padding-right:var(--wp--preset--spacing--40);padding-bottom:var(--wp--preset--spacing--40);padding-left:var(--wp--preset--spacing--40)\"><div class=\"wp-block-group__inner-container is-layout-flow wp-block-group-is-layout-flow\"><ul style=\"text-transform:none;\" class=\"alignfull wp-block-post-template is-layout-flow wp-block-post-template-is-layout-flow\"><li class=\"wp-block-post post-2619 post type-post status-publish format-standard has-post-thumbnail hentry category-intelektualno-vlasnistvo\">\n\n<div class=\"wp-block-group\" style=\"padding-bottom:var(--wp--preset--spacing--50)\"><div class=\"wp-block-group__inner-container is-layout-flow wp-block-group-is-layout-flow\">\n<div class=\"wp-block-group is-content-justification-space-between is-nowrap is-layout-flex wp-container-core-group-is-layout-8b4a092f wp-block-group-is-layout-flex\" style=\"border-bottom-color:var(--wp--preset--color--contrast);border-bottom-width:4px;padding-top:var(--wp--preset--spacing--30);padding-right:0;padding-bottom:var(--wp--preset--spacing--30);padding-left:0\"><div style=\"font-size:2rem;font-style:normal;font-weight:600;letter-spacing:1px; margin-top:0;margin-right:0;margin-bottom:0;margin-left:0;\" class=\"has-text-align-left has-link-color wp-elements-5813a8450eb0347cfdf34f1870882db6 wp-block-post-date has-text-color has-contrast-color\"><time datetime=\"2026-02-21T18:57:47+01:00\">02.21<\/time><\/div>\n\n<div style=\"font-size:2rem;font-style:normal;font-weight:600;letter-spacing:1px; margin-top:0;margin-right:0;margin-bottom:0;margin-left:0;\" class=\"has-text-align-left has-link-color wp-elements-672016f5c95dcb277e0d666c7795c645 wp-block-post-date has-text-color has-contrast-color\"><time datetime=\"2026-02-21T18:57:47+01:00\">2026<\/time><\/div><\/div>\n\n\n<h2 style=\"font-size:4.6rem;font-style:normal;font-weight:600;line-height:1.1; padding-top:var(--wp--preset--spacing--30);\" class=\"has-link-color wp-elements-b5fa43084743aafd1d185f08a32e7678 wp-block-post-title has-text-color has-contrast-color\"><a href=\"https:\/\/marcetic.hr\/index.php\/2026\/02\/21\/kako-zastititi-brend-u-hrvatskoj-vodic-2026-registracija-ziga-troskovi-i-pravni-koraci\/\" target=\"_self\" >Kako za\u0161tititi brend u Hrvatskoj (vodi\u010d 2026): registracija \u017eiga, tro\u0161kovi i pravni koraci<\/a><\/h2><\/div><\/div>\n\n<\/li><li class=\"wp-block-post post-2490 post type-post status-publish format-standard has-post-thumbnail hentry category-kupoprodaja category-obvezno-pravo category-uncategorized-hr\">\n\n<div class=\"wp-block-group\" style=\"padding-bottom:var(--wp--preset--spacing--50)\"><div class=\"wp-block-group__inner-container is-layout-flow wp-block-group-is-layout-flow\">\n<div class=\"wp-block-group is-content-justification-space-between is-nowrap is-layout-flex wp-container-core-group-is-layout-8b4a092f wp-block-group-is-layout-flex\" style=\"border-bottom-color:var(--wp--preset--color--contrast);border-bottom-width:4px;padding-top:var(--wp--preset--spacing--30);padding-right:0;padding-bottom:var(--wp--preset--spacing--30);padding-left:0\"><div style=\"font-size:2rem;font-style:normal;font-weight:600;letter-spacing:1px; margin-top:0;margin-right:0;margin-bottom:0;margin-left:0;\" class=\"has-text-align-left has-link-color wp-elements-5813a8450eb0347cfdf34f1870882db6 wp-block-post-date has-text-color has-contrast-color\"><time datetime=\"2026-01-17T19:32:21+01:00\">01.17<\/time><\/div>\n\n<div style=\"font-size:2rem;font-style:normal;font-weight:600;letter-spacing:1px; margin-top:0;margin-right:0;margin-bottom:0;margin-left:0;\" class=\"has-text-align-left has-link-color wp-elements-672016f5c95dcb277e0d666c7795c645 wp-block-post-date has-text-color has-contrast-color\"><time datetime=\"2026-01-17T19:32:21+01:00\">2026<\/time><\/div><\/div>\n\n\n<h2 style=\"font-size:4.6rem;font-style:normal;font-weight:600;line-height:1.1; padding-top:var(--wp--preset--spacing--30);\" class=\"has-link-color wp-elements-b5fa43084743aafd1d185f08a32e7678 wp-block-post-title has-text-color has-contrast-color\"><a href=\"https:\/\/marcetic.hr\/index.php\/2026\/01\/17\/odgovornost-kod-ugovora-o-kupoprodaji-i-neispravan-proizvod\/\" target=\"_self\" >ODGOVORNOST KOD ugovora o kupoprodaji i neispravan proizvod<\/a><\/h2><\/div><\/div>\n\n<\/li><li class=\"wp-block-post post-2463 post type-post status-publish format-standard has-post-thumbnail hentry category-kupoprodaja category-obvezno-pravo\">\n\n<div class=\"wp-block-group\" style=\"padding-bottom:var(--wp--preset--spacing--50)\"><div class=\"wp-block-group__inner-container is-layout-flow wp-block-group-is-layout-flow\">\n<div class=\"wp-block-group is-content-justification-space-between is-nowrap is-layout-flex wp-container-core-group-is-layout-8b4a092f wp-block-group-is-layout-flex\" style=\"border-bottom-color:var(--wp--preset--color--contrast);border-bottom-width:4px;padding-top:var(--wp--preset--spacing--30);padding-right:0;padding-bottom:var(--wp--preset--spacing--30);padding-left:0\"><div style=\"font-size:2rem;font-style:normal;font-weight:600;letter-spacing:1px; margin-top:0;margin-right:0;margin-bottom:0;margin-left:0;\" class=\"has-text-align-left has-link-color wp-elements-5813a8450eb0347cfdf34f1870882db6 wp-block-post-date has-text-color has-contrast-color\"><time datetime=\"2026-01-01T16:44:13+01:00\">01.1<\/time><\/div>\n\n<div style=\"font-size:2rem;font-style:normal;font-weight:600;letter-spacing:1px; margin-top:0;margin-right:0;margin-bottom:0;margin-left:0;\" class=\"has-text-align-left has-link-color wp-elements-672016f5c95dcb277e0d666c7795c645 wp-block-post-date has-text-color has-contrast-color\"><time datetime=\"2026-01-01T16:44:13+01:00\">2026<\/time><\/div><\/div>\n\n\n<h2 style=\"font-size:4.6rem;font-style:normal;font-weight:600;line-height:1.1; padding-top:var(--wp--preset--spacing--30);\" class=\"has-link-color wp-elements-b5fa43084743aafd1d185f08a32e7678 wp-block-post-title has-text-color has-contrast-color\"><a href=\"https:\/\/marcetic.hr\/index.php\/2026\/01\/01\/ugovor-o-kupoprodaji-sto-mora-sadrzavati-i-na-sto-paziti\/\" target=\"_self\" >UGOVOR O KUPOPRODAJI \u2013 \u0160TO MORA SADR\u017dAVATI I NA \u0160TO PAZITI<\/a><\/h2><\/div><\/div>\n\n<\/li><\/ul><\/div><\/div>\n\n\n\n<div class=\"wp-block-group\" style=\"margin-top:0;margin-bottom:0;padding-top:var(--wp--preset--spacing--40);padding-right:var(--wp--preset--spacing--40);padding-bottom:var(--wp--preset--spacing--40);padding-left:var(--wp--preset--spacing--40)\"><div class=\"wp-block-group__inner-container is-layout-flow wp-block-group-is-layout-flow\"><nav class=\"wp-block-query-pagination is-content-justification-space-between is-nowrap is-layout-flex wp-container-core-query-pagination-is-layout-0dfbf163 wp-block-query-pagination-is-layout-flex\" aria-label=\"Pagination\">\n\n\n<a href=\"\/index.php\/wp-json\/wp\/v2\/pages\/2332?query-1-page=2\" style=\"font-size:2rem;font-style:normal;font-weight:600;text-transform:uppercase;letter-spacing:1px;\" class=\"wp-block-query-pagination-next\">Next Page<\/a>\n<\/nav><\/div><\/div>\n<\/div>\n","protected":false},"excerpt":{"rendered":"<p>HVALA NA va\u0161em UPITU! Va\u0161a poruka je uspje\u0161no poslana. Hvala \u0161to ste nas kontaktirali! Va\u0161 upit smo zaprimili i odgovorit \u0107emo Vam u najkra\u0107em mogu\u0107em roku, naj\u010de\u0161\u0107e unutar 24 sata. Ako imate dodatnih pitanja, slobodno nas kontaktirajte putem e-maila ili &#8230; <\/p>\n<p class=\"read-more-container\"><a title=\"Hvala na va\u0161em upitu!\" class=\"read-more button\" href=\"https:\/\/marcetic.hr\/index.php\/hvala-na-vasem-upitu\/#more-2332\" aria-label=\"Read more about Hvala na va\u0161em upitu!\">Read More<\/a><\/p>\n","protected":false},"author":1,"featured_media":0,"parent":0,"menu_order":0,"comment_status":"closed","ping_status":"closed","template":"","meta":{"om_disable_all_campaigns":false,"_monsterinsights_skip_tracking":false,"_monsterinsights_sitenote_active":false,"_monsterinsights_sitenote_note":"","_monsterinsights_sitenote_category":0,"_uf_show_specific_survey":0,"_uf_disable_surveys":false,"footnotes":""},"class_list":["post-2332","page","type-page","status-publish"],"aioseo_notices":[],"_links":{"self":[{"href":"https:\/\/marcetic.hr\/index.php\/wp-json\/wp\/v2\/pages\/2332","targetHints":{"allow":["GET"]}}],"collection":[{"href":"https:\/\/marcetic.hr\/index.php\/wp-json\/wp\/v2\/pages"}],"about":[{"href":"https:\/\/marcetic.hr\/index.php\/wp-json\/wp\/v2\/types\/page"}],"author":[{"embeddable":true,"href":"https:\/\/marcetic.hr\/index.php\/wp-json\/wp\/v2\/users\/1"}],"replies":[{"embeddable":true,"href":"https:\/\/marcetic.hr\/index.php\/wp-json\/wp\/v2\/comments?post=2332"}],"version-history":[{"count":8,"href":"https:\/\/marcetic.hr\/index.php\/wp-json\/wp\/v2\/pages\/2332\/revisions"}],"predecessor-version":[{"id":2340,"href":"https:\/\/marcetic.hr\/index.php\/wp-json\/wp\/v2\/pages\/2332\/revisions\/2340"}],"wp:attachment":[{"href":"https:\/\/marcetic.hr\/index.php\/wp-json\/wp\/v2\/media?parent=2332"}],"curies":[{"name":"wp","href":"https:\/\/api.w.org\/{rel}","templated":true}]}}