{"id":1446,"date":"2017-11-05T19:28:26","date_gmt":"2017-11-06T00:28:26","guid":{"rendered":"https:\/\/gpstartersites.com\/pivot\/?page_id=10"},"modified":"2026-02-13T15:58:20","modified_gmt":"2026-02-13T14:58:20","slug":"home-2","status":"publish","type":"page","link":"https:\/\/marcetic.hr\/","title":{"rendered":"Home"},"content":{"rendered":"\n<div class=\"wp-block-cover is-light wp-duotone-unset-1\" style=\"min-height:585px;aspect-ratio:unset;\"><img loading=\"lazy\" decoding=\"async\" width=\"1024\" height=\"569\" class=\"wp-block-cover__image-background wp-image-2553 size-large\" alt=\"marcetic landing page\" src=\"https:\/\/marcetic.hr\/wp-content\/uploads\/2026\/01\/marcetic-landing-page-1024x569.png\" style=\"object-position:43% 15%\" data-object-fit=\"cover\" data-object-position=\"43% 15%\" srcset=\"https:\/\/marcetic.hr\/wp-content\/uploads\/2026\/01\/marcetic-landing-page-1024x569.png 1024w, https:\/\/marcetic.hr\/wp-content\/uploads\/2026\/01\/marcetic-landing-page-300x167.png 300w, https:\/\/marcetic.hr\/wp-content\/uploads\/2026\/01\/marcetic-landing-page-768x427.png 768w, https:\/\/marcetic.hr\/wp-content\/uploads\/2026\/01\/marcetic-landing-page-1536x853.png 1536w, https:\/\/marcetic.hr\/wp-content\/uploads\/2026\/01\/marcetic-landing-page.png 1800w\" sizes=\"auto, (max-width: 1024px) 100vw, 1024px\" \/><span aria-hidden=\"true\" class=\"wp-block-cover__background has-background-dim-10 has-background-dim\" style=\"background-color:#88847c\"><\/span><div class=\"wp-block-cover__inner-container is-layout-constrained wp-block-cover-is-layout-constrained\">\n<h1 class=\"wp-block-heading has-text-align-center has-large-font-size\"><mark style=\"background-color:rgba(0, 0, 0, 0)\" class=\"has-inline-color has-contrast-color\">Pravno savjetovanje<\/mark><\/h1>\n\n\n\n<h2 class=\"gb-headline gb-headline-8f56ac07 gb-headline-text\">obratite nam se s povjerenjem<\/h2>\n\n\n\n<div class=\"wp-block-buttons is-content-justification-center is-layout-flex wp-container-core-buttons-is-layout-16018d1d wp-block-buttons-is-layout-flex\">\n<div class=\"wp-block-button is-style-fill\"><a class=\"wp-block-button__link has-contrast-color has-base-background-color has-text-color has-background has-link-color has-medium-font-size has-custom-font-size wp-element-button\" href=\"https:\/\/marcetic.hr\/index.php\/kontakt\/\" style=\"border-top-left-radius:21px;border-top-right-radius:21px;border-bottom-left-radius:21px;border-bottom-right-radius:21px\">Po\u0161aljite upit<\/a><\/div>\n<\/div>\n<\/div><\/div>\n\n\n<div class=\"gb-container gb-container-5c678b6a\">\n\n<h2 class=\"gb-headline gb-headline-984cc6f5 gb-headline-text\"> Na\u0161a misija je olak\u0161ati Vam proces pravnog savjetovanja i pru\u017eiti vam najbolju mogu\u0107u podr\u0161ku i rje\u0161enja.<\/h2>\n\n\n<div class=\"gb-container gb-container-fac3b41a\">\n\n<div class=\"gb-headline gb-headline-43f5fdb8 gb-headline-text\"><\/div>\n\n<\/div>\n\n\n<p class=\"gb-headline gb-headline-cb5f8b05 gb-headline-text\">Neki problemi mogu biti rije\u0161eni ve\u0107 nakon prvog sastanka, dok su za druge potrebne godine sudskih procesa i vje\u0161ta\u010denja. U situacijama kada pravna borba postane neizbje\u017ena, na\u0161 cilj je osigurati da ste potpuno svjesni svih opcija i sigurni da ste odabrali najbolji mogu\u0107i put.<\/p>\n\n\n\n<h2 class=\"wp-block-heading\">Za\u0161to nas stranke biraju? <\/h2>\n\n<\/div>\n\n\n<div class=\"wp-block-columns is-layout-flex wp-container-core-columns-is-layout-9d6595d7 wp-block-columns-is-layout-flex\">\n<div class=\"wp-block-column is-vertically-aligned-center is-layout-flow wp-block-column-is-layout-flow\">\n<div class=\"wp-block-columns is-layout-flex wp-container-core-columns-is-layout-9d6595d7 wp-block-columns-is-layout-flex\">\n<div class=\"wp-block-column is-layout-flow wp-block-column-is-layout-flow\"><div class=\"wp-block-image\">\n<figure class=\"aligncenter size-full is-resized\"><img loading=\"lazy\" decoding=\"async\" width=\"600\" height=\"600\" src=\"https:\/\/marcetic.hr\/wp-content\/uploads\/2026\/01\/Marcetic-legal-Croatia-language-1.png\" alt=\"\" class=\"wp-image-2499\" style=\"object-fit:cover;width:80px;height:100px\" srcset=\"https:\/\/marcetic.hr\/wp-content\/uploads\/2026\/01\/Marcetic-legal-Croatia-language-1.png 600w, https:\/\/marcetic.hr\/wp-content\/uploads\/2026\/01\/Marcetic-legal-Croatia-language-1-300x300.png 300w, https:\/\/marcetic.hr\/wp-content\/uploads\/2026\/01\/Marcetic-legal-Croatia-language-1-150x150.png 150w\" sizes=\"auto, (max-width: 600px) 100vw, 600px\" \/><\/figure>\n<\/div>\n\n\n<h2 class=\"wp-block-heading has-text-align-center has-medium-font-size\">Jasna komunikacija (HR \/ EN)<br><\/h2>\n\n\n<div class=\"gb-container gb-container-1229621f\">\n\n<p>Komuniciramo jasno i razumljivo, bez nepotrebnog pravnog \u017eargona, uz mogu\u0107nost komunikacije i na engleskom jeziku.<\/p>\n\n<\/div><\/div>\n\n\n\n<div class=\"wp-block-column is-layout-flow wp-block-column-is-layout-flow\"><div class=\"wp-block-image\">\n<figure class=\"aligncenter size-full is-resized\"><img loading=\"lazy\" decoding=\"async\" width=\"600\" height=\"600\" src=\"https:\/\/marcetic.hr\/wp-content\/uploads\/2026\/01\/Marcetic-legal-Croatia-video-1.png\" alt=\"\" class=\"wp-image-2500\" style=\"object-fit:cover;width:80px;height:100px\" srcset=\"https:\/\/marcetic.hr\/wp-content\/uploads\/2026\/01\/Marcetic-legal-Croatia-video-1.png 600w, https:\/\/marcetic.hr\/wp-content\/uploads\/2026\/01\/Marcetic-legal-Croatia-video-1-300x300.png 300w, https:\/\/marcetic.hr\/wp-content\/uploads\/2026\/01\/Marcetic-legal-Croatia-video-1-150x150.png 150w\" sizes=\"auto, (max-width: 600px) 100vw, 600px\" \/><\/figure>\n<\/div>\n\n\n<h2 class=\"wp-block-heading has-text-align-center has-medium-font-size\">Online i video konzultacije<br><\/h2>\n\n\n\n<p>Savjetovanje je mogu\u0107e i online ili putem video poziva, ovisno o Va\u0161im potrebama i dostupnosti.<br>Tako \u0161tedimo va\u0161e vrijeme i reagiramo br\u017ee u trenutcima kada je to stvarno va\u017eno.<\/p>\n<\/div>\n\n\n\n<div class=\"wp-block-column is-layout-flow wp-block-column-is-layout-flow\"><div class=\"wp-block-image\">\n<figure class=\"aligncenter size-full is-resized\"><img loading=\"lazy\" decoding=\"async\" width=\"600\" height=\"600\" src=\"https:\/\/marcetic.hr\/wp-content\/uploads\/2026\/01\/Marcetic-legal-croatia-team.png\" alt=\"\" class=\"wp-image-2501\" style=\"object-fit:cover;width:80px;height:100px\" srcset=\"https:\/\/marcetic.hr\/wp-content\/uploads\/2026\/01\/Marcetic-legal-croatia-team.png 600w, https:\/\/marcetic.hr\/wp-content\/uploads\/2026\/01\/Marcetic-legal-croatia-team-300x300.png 300w, https:\/\/marcetic.hr\/wp-content\/uploads\/2026\/01\/Marcetic-legal-croatia-team-150x150.png 150w\" sizes=\"auto, (max-width: 600px) 100vw, 600px\" \/><\/figure>\n<\/div>\n\n\n<h2 class=\"wp-block-heading has-text-align-center has-medium-font-size\">Iskusan stru\u010dni tim<br><\/h2>\n\n\n\n<p>Dugogodi\u0161nje iskustvo u razli\u010ditim podru\u010djima pravne za\u0161tite i savjetovanja.  Svaki predmet sagledavamo individualno, s fokusom na dugoro\u010dno odr\u017eivo rje\u0161enje.<\/p>\n<\/div>\n<\/div>\n<\/div>\n<\/div>\n\n\n<div class=\"gb-container gb-container-82750b78\">\n<div class=\"gb-container gb-container-2985f966\">\n\n<h3 class=\"gb-headline gb-headline-f72e2b39 gb-headline-text\">Javite nam se putem maila i odgovorit \u0107emo Vam u roku 24 sata.<\/h3>\n\n\n\n<a class=\"gb-button gb-button-b5e2a962 gb-button-text nowrap-button\" href=\"https:\/\/marcetic.hr\/index.php\/kontakt\/\"><strong>Po\u0161aljite upit <\/strong><\/a>\n\n<\/div>\n<\/div>\n\n<div class=\"gb-container gb-container-732ad831\">\n\n<h4 class=\"gb-headline gb-headline-9a812515 gb-headline-text\">Posljednji \u010dlanci <\/h4>\n\n\n\n<div class=\"gb-headline gb-headline-5f079b79 gb-headline-text\"><\/div>\n\n<\/div>\n\n<ul class=\"wp-block-latest-posts__list is-grid columns-3 wp-block-latest-posts\"><li><div class=\"wp-block-latest-posts__featured-image\"><a href=\"https:\/\/marcetic.hr\/index.php\/2026\/02\/21\/kako-zastititi-brend-u-hrvatskoj-vodic-2026-registracija-ziga-troskovi-i-pravni-koraci\/\" aria-label=\"Kako za\u0161tititi brend u Hrvatskoj (vodi\u010d 2026): registracija \u017eiga, tro\u0161kovi i pravni koraci\"><img loading=\"lazy\" decoding=\"async\" width=\"1024\" height=\"576\" src=\"https:\/\/marcetic.hr\/wp-content\/uploads\/2026\/02\/Kako-zastititi-brend-u-Hrvatskoj-1024x576.png\" class=\"attachment-large size-large wp-post-image\" alt=\"Kako za\u0161tititi brend u Hrvatskoj (vodi\u010d 2026): za\u0161tita \u017eiga\" style=\"\" srcset=\"https:\/\/marcetic.hr\/wp-content\/uploads\/2026\/02\/Kako-zastititi-brend-u-Hrvatskoj-1024x576.png 1024w, https:\/\/marcetic.hr\/wp-content\/uploads\/2026\/02\/Kako-zastititi-brend-u-Hrvatskoj-300x169.png 300w, https:\/\/marcetic.hr\/wp-content\/uploads\/2026\/02\/Kako-zastititi-brend-u-Hrvatskoj-768x432.png 768w, https:\/\/marcetic.hr\/wp-content\/uploads\/2026\/02\/Kako-zastititi-brend-u-Hrvatskoj-1536x864.png 1536w, https:\/\/marcetic.hr\/wp-content\/uploads\/2026\/02\/Kako-zastititi-brend-u-Hrvatskoj.png 1920w\" sizes=\"auto, (max-width: 1024px) 100vw, 1024px\" \/><\/a><\/div><a class=\"wp-block-latest-posts__post-title\" href=\"https:\/\/marcetic.hr\/index.php\/2026\/02\/21\/kako-zastititi-brend-u-hrvatskoj-vodic-2026-registracija-ziga-troskovi-i-pravni-koraci\/\">Kako za\u0161tititi brend u Hrvatskoj (vodi\u010d 2026): registracija \u017eiga, tro\u0161kovi i pravni koraci<\/a><\/li>\n<li><div class=\"wp-block-latest-posts__featured-image\"><a href=\"https:\/\/marcetic.hr\/index.php\/2026\/01\/17\/odgovornost-kod-ugovora-o-kupoprodaji-i-neispravan-proizvod\/\" aria-label=\"ODGOVORNOST KOD ugovora o kupoprodaji i neispravan proizvod\"><img loading=\"lazy\" decoding=\"async\" width=\"1024\" height=\"576\" src=\"https:\/\/marcetic.hr\/wp-content\/uploads\/2026\/01\/odgovornost-kod-ugovora-o-kupoprodaji-i-neispravan-proizvod-1024x576.png\" class=\"attachment-large size-large wp-post-image\" alt=\"Odgovornost kod ugovora o kupoprodaji i neispravan proizvod\" style=\"\" srcset=\"https:\/\/marcetic.hr\/wp-content\/uploads\/2026\/01\/odgovornost-kod-ugovora-o-kupoprodaji-i-neispravan-proizvod-1024x576.png 1024w, https:\/\/marcetic.hr\/wp-content\/uploads\/2026\/01\/odgovornost-kod-ugovora-o-kupoprodaji-i-neispravan-proizvod-300x169.png 300w, https:\/\/marcetic.hr\/wp-content\/uploads\/2026\/01\/odgovornost-kod-ugovora-o-kupoprodaji-i-neispravan-proizvod-768x432.png 768w, https:\/\/marcetic.hr\/wp-content\/uploads\/2026\/01\/odgovornost-kod-ugovora-o-kupoprodaji-i-neispravan-proizvod-1536x864.png 1536w, https:\/\/marcetic.hr\/wp-content\/uploads\/2026\/01\/odgovornost-kod-ugovora-o-kupoprodaji-i-neispravan-proizvod.png 1920w\" sizes=\"auto, (max-width: 1024px) 100vw, 1024px\" \/><\/a><\/div><a class=\"wp-block-latest-posts__post-title\" href=\"https:\/\/marcetic.hr\/index.php\/2026\/01\/17\/odgovornost-kod-ugovora-o-kupoprodaji-i-neispravan-proizvod\/\">ODGOVORNOST KOD ugovora o kupoprodaji i neispravan proizvod<\/a><\/li>\n<li><div class=\"wp-block-latest-posts__featured-image\"><a href=\"https:\/\/marcetic.hr\/index.php\/2026\/01\/01\/ugovor-o-kupoprodaji-sto-mora-sadrzavati-i-na-sto-paziti\/\" aria-label=\"UGOVOR O KUPOPRODAJI \u2013 \u0160TO MORA SADR\u017dAVATI I NA \u0160TO PAZITI\"><img loading=\"lazy\" decoding=\"async\" width=\"1024\" height=\"576\" src=\"https:\/\/marcetic.hr\/wp-content\/uploads\/2026\/01\/UGOVOR-O-KUPOPRODAJI-\u2013-STO-MORA-SADRZAVATI-I-NA-STO-PAZITI-1024x576.png\" class=\"attachment-large size-large wp-post-image\" alt=\"Ugovor o kupoprodaji - sto mora sadrzavati i na sto paziti\" style=\"\" srcset=\"https:\/\/marcetic.hr\/wp-content\/uploads\/2026\/01\/UGOVOR-O-KUPOPRODAJI-\u2013-STO-MORA-SADRZAVATI-I-NA-STO-PAZITI-1024x576.png 1024w, https:\/\/marcetic.hr\/wp-content\/uploads\/2026\/01\/UGOVOR-O-KUPOPRODAJI-\u2013-STO-MORA-SADRZAVATI-I-NA-STO-PAZITI-300x169.png 300w, https:\/\/marcetic.hr\/wp-content\/uploads\/2026\/01\/UGOVOR-O-KUPOPRODAJI-\u2013-STO-MORA-SADRZAVATI-I-NA-STO-PAZITI-768x432.png 768w, https:\/\/marcetic.hr\/wp-content\/uploads\/2026\/01\/UGOVOR-O-KUPOPRODAJI-\u2013-STO-MORA-SADRZAVATI-I-NA-STO-PAZITI-1536x864.png 1536w, https:\/\/marcetic.hr\/wp-content\/uploads\/2026\/01\/UGOVOR-O-KUPOPRODAJI-\u2013-STO-MORA-SADRZAVATI-I-NA-STO-PAZITI.png 1920w\" sizes=\"auto, (max-width: 1024px) 100vw, 1024px\" \/><\/a><\/div><a class=\"wp-block-latest-posts__post-title\" href=\"https:\/\/marcetic.hr\/index.php\/2026\/01\/01\/ugovor-o-kupoprodaji-sto-mora-sadrzavati-i-na-sto-paziti\/\">UGOVOR O KUPOPRODAJI \u2013 \u0160TO MORA SADR\u017dAVATI I NA \u0160TO PAZITI<\/a><\/li>\n<\/ul>","protected":false},"excerpt":{"rendered":"<p>Na\u0161a misija je olak\u0161ati Vam proces pravnog savjetovanja i pru\u017eiti vam najbolju mogu\u0107u podr\u0161ku i rje\u0161enja. Neki problemi mogu biti rije\u0161eni ve\u0107 nakon prvog sastanka, dok su za druge potrebne godine sudskih procesa i vje\u0161ta\u010denja. U situacijama kada pravna borba &#8230; <\/p>\n<p class=\"read-more-container\"><a title=\"Home\" class=\"read-more button\" href=\"https:\/\/marcetic.hr\/#more-1446\" aria-label=\"Read more about Home\">Read More<\/a><\/p>\n","protected":false},"author":1,"featured_media":0,"parent":0,"menu_order":0,"comment_status":"closed","ping_status":"closed","template":"","meta":{"om_disable_all_campaigns":false,"_monsterinsights_skip_tracking":false,"_monsterinsights_sitenote_active":false,"_monsterinsights_sitenote_note":"","_monsterinsights_sitenote_category":0,"_uf_show_specific_survey":0,"_uf_disable_surveys":false,"footnotes":""},"class_list":["post-1446","page","type-page","status-publish"],"aioseo_notices":[],"_links":{"self":[{"href":"https:\/\/marcetic.hr\/index.php\/wp-json\/wp\/v2\/pages\/1446","targetHints":{"allow":["GET"]}}],"collection":[{"href":"https:\/\/marcetic.hr\/index.php\/wp-json\/wp\/v2\/pages"}],"about":[{"href":"https:\/\/marcetic.hr\/index.php\/wp-json\/wp\/v2\/types\/page"}],"author":[{"embeddable":true,"href":"https:\/\/marcetic.hr\/index.php\/wp-json\/wp\/v2\/users\/1"}],"replies":[{"embeddable":true,"href":"https:\/\/marcetic.hr\/index.php\/wp-json\/wp\/v2\/comments?post=1446"}],"version-history":[{"count":19,"href":"https:\/\/marcetic.hr\/index.php\/wp-json\/wp\/v2\/pages\/1446\/revisions"}],"predecessor-version":[{"id":2614,"href":"https:\/\/marcetic.hr\/index.php\/wp-json\/wp\/v2\/pages\/1446\/revisions\/2614"}],"wp:attachment":[{"href":"https:\/\/marcetic.hr\/index.php\/wp-json\/wp\/v2\/media?parent=1446"}],"curies":[{"name":"wp","href":"https:\/\/api.w.org\/{rel}","templated":true}]}}